{"id":447,"date":"2026-03-20T20:10:19","date_gmt":"2026-03-20T20:10:19","guid":{"rendered":"https:\/\/skreddersyddereiser.no\/su-skreddersydde-reiser\/"},"modified":"2026-03-20T20:28:10","modified_gmt":"2026-03-20T20:28:10","slug":"su-skreddersydde-reiser","status":"publish","type":"page","link":"https:\/\/skreddersyddereiser.no\/it\/su-skreddersydde-reiser\/","title":{"rendered":"Su Skreddersydde reiser"},"content":{"rendered":"\t\t<div data-elementor-type=\"wp-page\" data-elementor-id=\"447\" class=\"elementor elementor-447 elementor-442\" data-elementor-post-type=\"page\">\n\t\t\t\t<div class=\"elementor-element elementor-element-ab24777 e-flex e-con-boxed e-con e-parent\" data-id=\"ab24777\" data-element_type=\"container\" data-e-type=\"container\">\n\t\t\t\t\t<div class=\"e-con-inner\">\n\t\t<div class=\"elementor-element elementor-element-d17e30c e-con-full e-flex e-con e-child\" data-id=\"d17e30c\" data-element_type=\"container\" data-e-type=\"container\">\n\t\t\t\t<div class=\"elementor-element elementor-element-aee8820 elementor-widget elementor-widget-heading\" data-id=\"aee8820\" data-element_type=\"widget\" data-e-type=\"widget\" data-widget_type=\"heading.default\">\n\t\t\t\t\t<h5 class=\"elementor-heading-title elementor-size-default\">Chi siamo<\/h5>\t\t\t\t<\/div>\n\t\t\t\t<div class=\"elementor-element elementor-element-b9aceb9 elementor-widget elementor-widget-heading\" data-id=\"b9aceb9\" data-element_type=\"widget\" data-e-type=\"widget\" data-widget_type=\"heading.default\">\n\t\t\t\t\t<h2 class=\"elementor-heading-title elementor-size-default\">Viaggi su misura<\/h2>\t\t\t\t<\/div>\n\t\t\t\t<div class=\"elementor-element elementor-element-b57a3da elementor-widget elementor-widget-text-editor\" data-id=\"b57a3da\" data-element_type=\"widget\" data-e-type=\"widget\" data-widget_type=\"text-editor.default\">\n\t\t\t\t\t\t\t\t\t<p>Skreddersyddereiser \u00e8 stata fondata da Susan Christianslund a marzo 2024. L&#8217;idea \u00e8 nata a Bali, mentre era seduta a guardare il tramonto dopo aver impiegato quasi un anno a pianificare il suo viaggio. L&#8217;esperienza le ha fatto capire quanta conoscenza, tempo e ricerca ci siano dietro un viaggio davvero ben riuscito \u2013 e che questa conoscenza avrebbe potuto aiutare altri a creare i propri viaggi da sogno.<\/p><p>Skreddersyddereiser \u00e8 per te che desideri qualcosa di pi\u00f9 di una tradizionale vacanza charter. Molti sognano di viaggiare in modo pi\u00f9 personale e di scoprire le destinazioni per conto proprio, ma trovano la pianificazione dispendiosa in termini di tempo e poco chiara. \u00c8 qui che entra in gioco Skreddersyddereiser.<\/p><p>Tutte le destinazioni e gli hotel sono accuratamente selezionati e visitati personalmente. L&#8217;attenzione \u00e8 rivolta a hotel piccoli, affascinanti e personali con quel qualcosa in pi\u00f9. Attraverso il contatto diretto con i proprietari degli hotel e i partner locali, si creano solide relazioni che assicurano che i clienti siano ben assistiti durante il soggiorno.<\/p><p>Una parte importante del lavoro \u00e8 comprendere ogni singolo cliente. Per questo, si pone grande enfasi sul dialogo durante l&#8217;intero processo di pianificazione. Conoscendo i desideri, le esigenze e il budget del cliente, il viaggio pu\u00f2 essere personalizzato in modo che risulti perfetto \u2013 non solo sulla carta, ma anche nella realt\u00e0.<\/p><p>Il risultato sono viaggiatori soddisfatti che si sentono sicuri delle scelte fatte, e hotel che accolgono ospiti che sanno cosa aspettarsi. L&#8217;obiettivo \u00e8 sempre lo stesso: creare viaggi che siano personali, ben pensati e memorabili.<\/p>\t\t\t\t\t\t\t\t<\/div>\n\t\t\t\t<div class=\"elementor-element elementor-element-bb68eb7 elementor-align-left elementor-widget elementor-widget-button\" data-id=\"bb68eb7\" data-element_type=\"widget\" data-e-type=\"widget\" data-widget_type=\"button.default\">\n\t\t\t\t\t\t\t\t\t\t<a class=\"elementor-button elementor-button-link elementor-size-sm\" href=\"#\">\n\t\t\t\t\t\t<span class=\"elementor-button-content-wrapper\">\n\t\t\t\t\t\t\t\t\t<span class=\"elementor-button-text\">Prenota una consulenza<\/span>\n\t\t\t\t\t<\/span>\n\t\t\t\t\t<\/a>\n\t\t\t\t\t\t\t\t<\/div>\n\t\t\t\t<\/div>\n\t\t<div class=\"elementor-element elementor-element-af1ee0d e-con-full e-flex e-con e-child\" data-id=\"af1ee0d\" data-element_type=\"container\" data-e-type=\"container\">\n\t\t\t\t<div class=\"elementor-element elementor-element-f90b561 elementor-widget elementor-widget-image\" data-id=\"f90b561\" data-element_type=\"widget\" data-e-type=\"widget\" data-widget_type=\"image.default\">\n\t\t\t\t\t\t\t\t\t\t\t\t\t\t\t<img fetchpriority=\"high\" decoding=\"async\" width=\"800\" height=\"1067\" src=\"https:\/\/skreddersyddereiser.no\/wp-content\/uploads\/2026\/03\/IMG_3616.jpg\" class=\"attachment-full size-full wp-image-478\" alt=\"\" srcset=\"https:\/\/skreddersyddereiser.no\/wp-content\/uploads\/2026\/03\/IMG_3616.jpg 800w, https:\/\/skreddersyddereiser.no\/wp-content\/uploads\/2026\/03\/IMG_3616-225x300.jpg 225w, https:\/\/skreddersyddereiser.no\/wp-content\/uploads\/2026\/03\/IMG_3616-768x1024.jpg 768w\" sizes=\"(max-width: 800px) 100vw, 800px\" \/>\t\t\t\t\t\t\t\t\t\t\t\t\t\t\t<\/div>\n\t\t\t\t<\/div>\n\t\t\t\t\t<\/div>\n\t\t\t\t<\/div>\n\t\t\t\t<\/div>\n\t\t","protected":false},"excerpt":{"rendered":"<p>Chi siamo Viaggi su misura Skreddersyddereiser \u00e8 stata fondata da Susan Christianslund a marzo 2024. L&#8217;idea \u00e8 nata a Bali, mentre era seduta a guardare il tramonto dopo aver impiegato quasi un anno a pianificare il suo viaggio. L&#8217;esperienza le ha fatto capire quanta conoscenza, tempo e ricerca ci siano dietro un viaggio davvero ben [&hellip;]<\/p>\n","protected":false},"author":1,"featured_media":0,"parent":0,"menu_order":0,"comment_status":"closed","ping_status":"closed","template":"","meta":{"_acf_changed":false,"inline_featured_image":false,"footnotes":""},"class_list":["post-447","page","type-page","status-publish","hentry"],"acf":[],"_links":{"self":[{"href":"https:\/\/skreddersyddereiser.no\/it\/wp-json\/wp\/v2\/pages\/447","targetHints":{"allow":["GET"]}}],"collection":[{"href":"https:\/\/skreddersyddereiser.no\/it\/wp-json\/wp\/v2\/pages"}],"about":[{"href":"https:\/\/skreddersyddereiser.no\/it\/wp-json\/wp\/v2\/types\/page"}],"author":[{"embeddable":true,"href":"https:\/\/skreddersyddereiser.no\/it\/wp-json\/wp\/v2\/users\/1"}],"replies":[{"embeddable":true,"href":"https:\/\/skreddersyddereiser.no\/it\/wp-json\/wp\/v2\/comments?post=447"}],"version-history":[{"count":2,"href":"https:\/\/skreddersyddereiser.no\/it\/wp-json\/wp\/v2\/pages\/447\/revisions"}],"predecessor-version":[{"id":480,"href":"https:\/\/skreddersyddereiser.no\/it\/wp-json\/wp\/v2\/pages\/447\/revisions\/480"}],"wp:attachment":[{"href":"https:\/\/skreddersyddereiser.no\/it\/wp-json\/wp\/v2\/media?parent=447"}],"curies":[{"name":"wp","href":"https:\/\/api.w.org\/{rel}","templated":true}]}}