{"id":506,"date":"2026-03-20T19:23:31","date_gmt":"2026-03-20T19:23:31","guid":{"rendered":"https:\/\/skreddersyddereiser.no\/servizi\/"},"modified":"2026-03-21T00:16:09","modified_gmt":"2026-03-21T00:16:09","slug":"servizi","status":"publish","type":"page","link":"https:\/\/skreddersyddereiser.no\/it\/servizi\/","title":{"rendered":"Servizi"},"content":{"rendered":"\t\t<div data-elementor-type=\"wp-page\" data-elementor-id=\"506\" class=\"elementor elementor-506 elementor-295\" data-elementor-post-type=\"page\">\n\t\t\t\t<div class=\"elementor-element elementor-element-6450f78 e-flex e-con-boxed e-con e-parent\" data-id=\"6450f78\" data-element_type=\"container\" data-e-type=\"container\" data-settings=\"{&quot;background_background&quot;:&quot;classic&quot;}\">\n\t\t\t\t\t<div class=\"e-con-inner\">\n\t\t<div class=\"elementor-element elementor-element-2df802d e-con-full e-flex e-con e-child\" data-id=\"2df802d\" data-element_type=\"container\" data-e-type=\"container\">\n\t\t\t\t<div class=\"elementor-element elementor-element-cc2a8ba elementor-widget elementor-widget-video\" data-id=\"cc2a8ba\" data-element_type=\"widget\" data-e-type=\"widget\" data-settings=\"{&quot;video_type&quot;:&quot;hosted&quot;,&quot;autoplay&quot;:&quot;yes&quot;,&quot;play_on_mobile&quot;:&quot;yes&quot;,&quot;mute&quot;:&quot;yes&quot;,&quot;loop&quot;:&quot;yes&quot;}\" data-widget_type=\"video.default\">\n\t\t\t\t\t\t\t<div class=\"e-hosted-video elementor-wrapper elementor-open-inline\">\n\t\t\t\t\t<video class=\"elementor-video\" src=\"https:\/\/skreddersyddereiser.no\/wp-content\/uploads\/2026\/03\/0320-4-hci48ocq_bkDmNNXz.mp4\" autoplay=\"\" loop=\"\" muted=\"muted\" playsinline=\"\" controlsList=\"nodownload\"><\/video>\n\t\t\t\t<\/div>\n\t\t\t\t\t\t<\/div>\n\t\t\t\t<\/div>\n\t\t<div class=\"elementor-element elementor-element-06fa6f5 e-con-full e-flex e-con e-child\" data-id=\"06fa6f5\" data-element_type=\"container\" data-e-type=\"container\" data-settings=\"{&quot;background_background&quot;:&quot;classic&quot;}\">\n\t\t\t\t<div class=\"elementor-element elementor-element-bc25bcd elementor-widget elementor-widget-heading\" data-id=\"bc25bcd\" data-element_type=\"widget\" data-e-type=\"widget\" data-widget_type=\"heading.default\">\n\t\t\t\t\t<h2 class=\"elementor-heading-title elementor-size-default\">I nostri servizi<\/h2>\t\t\t\t<\/div>\n\t\t\t\t<div class=\"elementor-element elementor-element-a7d4cb9 elementor-widget elementor-widget-text-editor\" data-id=\"a7d4cb9\" data-element_type=\"widget\" data-e-type=\"widget\" data-widget_type=\"text-editor.default\">\n\t\t\t\t\t\t\t\t\t<p data-start=\"65\" data-end=\"279\">Skreddersyddereiser ti aiuta a pianificare viaggi personalizzati, adattati ai tuoi desideri, esigenze e budget. Riceverai consulenza, proposte concrete e un viaggio ben studiato, senza dover dedicare tempo a ricerche approfondite. <\/p><p data-start=\"281\" data-end=\"464\">Tutte le destinazioni e gli hotel sono accuratamente selezionati, con un focus su luoghi unici e esperienze indimenticabili. Attraverso il dialogo, il viaggio viene personalizzato nei dettagli, in modo che ti sembri perfetto dall&#8217;inizio alla fine. <\/p><p data-start=\"466\" data-end=\"624\">Riceverai supporto lungo tutto il percorso, anche durante il viaggio, se necessario. L&#8217;obiettivo \u00e8 renderti facile viaggiare in modo pi\u00f9 personale, sicuro e senza preoccupazioni.<\/p>\t\t\t\t\t\t\t\t<\/div>\n\t\t\t\t<div class=\"elementor-element elementor-element-30c35ad elementor-align-left elementor-widget elementor-widget-button\" data-id=\"30c35ad\" data-element_type=\"widget\" data-e-type=\"widget\" data-widget_type=\"button.default\">\n\t\t\t\t\t\t\t\t\t\t<a class=\"elementor-button elementor-button-link elementor-size-sm\" href=\"https:\/\/skreddersyddereiser.no\/it\/prenota-una-consulenza\/\">\n\t\t\t\t\t\t<span class=\"elementor-button-content-wrapper\">\n\t\t\t\t\t\t\t\t\t<span class=\"elementor-button-text\">prenota una consulenza<\/span>\n\t\t\t\t\t<\/span>\n\t\t\t\t\t<\/a>\n\t\t\t\t\t\t\t\t<\/div>\n\t\t\t\t<\/div>\n\t\t\t\t\t<\/div>\n\t\t\t\t<\/div>\n\t\t<div class=\"elementor-element elementor-element-cd1d322 e-flex e-con-boxed e-con e-parent\" data-id=\"cd1d322\" data-element_type=\"container\" data-e-type=\"container\">\n\t\t\t\t\t<div class=\"e-con-inner\">\n\t\t<div class=\"elementor-element elementor-element-087fd51 e-con-full e-flex e-con e-child\" data-id=\"087fd51\" data-element_type=\"container\" data-e-type=\"container\" data-settings=\"{&quot;background_background&quot;:&quot;classic&quot;}\">\n\t\t\t\t<div class=\"elementor-element elementor-element-198706a elementor-widget elementor-widget-heading\" data-id=\"198706a\" data-element_type=\"widget\" data-e-type=\"widget\" data-widget_type=\"heading.default\">\n\t\t\t\t\t<h2 class=\"elementor-heading-title elementor-size-default\">3.900,-<\/h2>\t\t\t\t<\/div>\n\t\t\t\t<div class=\"elementor-element elementor-element-c9b5709 elementor-widget elementor-widget-heading\" data-id=\"c9b5709\" data-element_type=\"widget\" data-e-type=\"widget\" data-widget_type=\"heading.default\">\n\t\t\t\t\t<h3 class=\"elementor-heading-title elementor-size-default\">Destinazioni &amp; alloggi <\/h3>\t\t\t\t<\/div>\n\t\t\t\t<div class=\"elementor-element elementor-element-ef6bcfd elementor-widget elementor-widget-text-editor\" data-id=\"ef6bcfd\" data-element_type=\"widget\" data-e-type=\"widget\" data-widget_type=\"text-editor.default\">\n\t\t\t\t\t\t\t\t\t<p><strong>I miei prezzi per destinazioni e alloggi sono di 3900 corone norvegesi.<\/strong><\/p><p>Qui trovo la vostra destinazione da sogno, una lista digitale su Google Maps con i miei consigli, voli e alloggi. Trovo destinazioni che rientrano nel vostro budget e nei vostri desideri. <\/p>\t\t\t\t\t\t\t\t<\/div>\n\t\t\t\t<\/div>\n\t\t<div class=\"elementor-element elementor-element-8e9fd5b e-con-full e-flex e-con e-child\" data-id=\"8e9fd5b\" data-element_type=\"container\" data-e-type=\"container\" data-settings=\"{&quot;background_background&quot;:&quot;classic&quot;}\">\n\t\t\t\t<div class=\"elementor-element elementor-element-97e6f47 elementor-widget elementor-widget-heading\" data-id=\"97e6f47\" data-element_type=\"widget\" data-e-type=\"widget\" data-widget_type=\"heading.default\">\n\t\t\t\t\t<h2 class=\"elementor-heading-title elementor-size-default\">1.250,-<\/h2>\t\t\t\t<\/div>\n\t\t\t\t<div class=\"elementor-element elementor-element-7c6302b elementor-widget elementor-widget-heading\" data-id=\"7c6302b\" data-element_type=\"widget\" data-e-type=\"widget\" data-widget_type=\"heading.default\">\n\t\t\t\t\t<h3 class=\"elementor-heading-title elementor-size-default\">Destinazioni e alloggi alternativi<\/h3>\t\t\t\t<\/div>\n\t\t\t\t<div class=\"elementor-element elementor-element-bea89e5 elementor-widget elementor-widget-text-editor\" data-id=\"bea89e5\" data-element_type=\"widget\" data-e-type=\"widget\" data-widget_type=\"text-editor.default\">\n\t\t\t\t\t\t\t\t\t<p>F<span class=\"wixui-rich-text__text\">orse avete pi\u00f9 tappe nel vostro viaggio? Trovo nuovi alloggi e citt\u00e0 per 1250 corone norvegesi extra per citt\u00e0\/alloggio. Qui creo il viaggio definitivo per voi.<\/span> <\/p>\t\t\t\t\t\t\t\t<\/div>\n\t\t\t\t<\/div>\n\t\t\t\t\t<\/div>\n\t\t\t\t<\/div>\n\t\t<div class=\"elementor-element elementor-element-8b537ff e-flex e-con-boxed e-con e-parent\" data-id=\"8b537ff\" data-element_type=\"container\" data-e-type=\"container\" data-settings=\"{&quot;background_background&quot;:&quot;classic&quot;}\">\n\t\t\t\t\t<div class=\"e-con-inner\">\n\t\t\t\t<div class=\"elementor-element elementor-element-ee5fb01 elementor-widget elementor-widget-heading\" data-id=\"ee5fb01\" data-element_type=\"widget\" data-e-type=\"widget\" data-widget_type=\"heading.default\">\n\t\t\t\t\t<h5 class=\"elementor-heading-title elementor-size-default\">Cosa facciamo<\/h5>\t\t\t\t<\/div>\n\t\t\t\t<div class=\"elementor-element elementor-element-953ef4a elementor-widget__width-initial elementor-invisible elementor-widget elementor-widget-heading\" data-id=\"953ef4a\" data-element_type=\"widget\" data-e-type=\"widget\" data-settings=\"{&quot;_animation&quot;:&quot;fadeInUp&quot;}\" data-widget_type=\"heading.default\">\n\t\t\t\t\t<h2 class=\"elementor-heading-title elementor-size-default\">Perch\u00e9 scegliere viaggi su misura<\/h2>\t\t\t\t<\/div>\n\t\t<div class=\"elementor-element elementor-element-2470efd e-grid e-con-full e-con e-child\" data-id=\"2470efd\" data-element_type=\"container\" data-e-type=\"container\">\n\t\t<div class=\"elementor-element elementor-element-019e891 e-con-full e-flex e-con e-child\" data-id=\"019e891\" data-element_type=\"container\" data-e-type=\"container\">\n\t\t\t\t<div class=\"elementor-element elementor-element-966bee9 elementor-widget elementor-widget-image\" data-id=\"966bee9\" data-element_type=\"widget\" data-e-type=\"widget\" data-widget_type=\"image.default\">\n\t\t\t\t\t\t\t\t\t\t\t\t\t\t\t<img decoding=\"async\" src=\"https:\/\/skreddersyddereiser.no\/wp-content\/uploads\/2026\/03\/reise-ikon2.svg\" title=\"icona-viaggio2\" alt=\"icona-viaggio2\" loading=\"lazy\" \/>\t\t\t\t\t\t\t\t\t\t\t\t\t\t\t<\/div>\n\t\t\t\t<div class=\"elementor-element elementor-element-b2d9d7f elementor-widget elementor-widget-heading\" data-id=\"b2d9d7f\" data-element_type=\"widget\" data-e-type=\"widget\" data-widget_type=\"heading.default\">\n\t\t\t\t\t<h3 class=\"elementor-heading-title elementor-size-default\">Personalizzato<\/h3>\t\t\t\t<\/div>\n\t\t\t\t<div class=\"elementor-element elementor-element-f29e4dd elementor-widget elementor-widget-text-editor\" data-id=\"f29e4dd\" data-element_type=\"widget\" data-e-type=\"widget\" data-widget_type=\"text-editor.default\">\n\t\t\t\t\t\t\t\t\t<p>Nessun pacchetto standard \u2013 <br>ogni viaggio \u00e8 creato su misura per te<\/p>\t\t\t\t\t\t\t\t<\/div>\n\t\t\t\t<\/div>\n\t\t<div class=\"elementor-element elementor-element-9042eda e-con-full e-flex e-con e-child\" data-id=\"9042eda\" data-element_type=\"container\" data-e-type=\"container\">\n\t\t\t\t<div class=\"elementor-element elementor-element-774f768 elementor-widget elementor-widget-image\" data-id=\"774f768\" data-element_type=\"widget\" data-e-type=\"widget\" data-widget_type=\"image.default\">\n\t\t\t\t\t\t\t\t\t\t\t\t\t\t\t<img decoding=\"async\" src=\"https:\/\/skreddersyddereiser.no\/wp-content\/uploads\/2026\/03\/reise-ikon4.svg\" title=\"icona-viaggio4\" alt=\"icona-viaggio4\" loading=\"lazy\" \/>\t\t\t\t\t\t\t\t\t\t\t\t\t\t\t<\/div>\n\t\t\t\t<div class=\"elementor-element elementor-element-531952e elementor-widget elementor-widget-heading\" data-id=\"531952e\" data-element_type=\"widget\" data-e-type=\"widget\" data-widget_type=\"heading.default\">\n\t\t\t\t\t<h3 class=\"elementor-heading-title elementor-size-default\">Luoghi selezionati<\/h3>\t\t\t\t<\/div>\n\t\t\t\t<div class=\"elementor-element elementor-element-769c3d3 elementor-widget elementor-widget-text-editor\" data-id=\"769c3d3\" data-element_type=\"widget\" data-e-type=\"widget\" data-widget_type=\"text-editor.default\">\n\t\t\t\t\t\t\t\t\t<p>Hotel ed esperienze uniche con <br>quel tocco in pi\u00f9<\/p>\t\t\t\t\t\t\t\t<\/div>\n\t\t\t\t<\/div>\n\t\t<div class=\"elementor-element elementor-element-fbca64a e-con-full e-flex e-con e-child\" data-id=\"fbca64a\" data-element_type=\"container\" data-e-type=\"container\">\n\t\t\t\t<div class=\"elementor-element elementor-element-194bdf2 elementor-widget elementor-widget-image\" data-id=\"194bdf2\" data-element_type=\"widget\" data-e-type=\"widget\" data-widget_type=\"image.default\">\n\t\t\t\t\t\t\t\t\t\t\t\t\t\t\t<img decoding=\"async\" src=\"https:\/\/skreddersyddereiser.no\/wp-content\/uploads\/2026\/03\/reise-ikon1.svg\" title=\"icona-viaggio1\" alt=\"icona-viaggio1\" loading=\"lazy\" \/>\t\t\t\t\t\t\t\t\t\t\t\t\t\t\t<\/div>\n\t\t\t\t<div class=\"elementor-element elementor-element-c8c900c elementor-widget elementor-widget-heading\" data-id=\"c8c900c\" data-element_type=\"widget\" data-e-type=\"widget\" data-widget_type=\"heading.default\">\n\t\t\t\t\t<h3 class=\"elementor-heading-title elementor-size-default\">Guida sicura<\/h3>\t\t\t\t<\/div>\n\t\t\t\t<div class=\"elementor-element elementor-element-5fdb95a elementor-widget elementor-widget-text-editor\" data-id=\"5fdb95a\" data-element_type=\"widget\" data-e-type=\"widget\" data-widget_type=\"text-editor.default\">\n\t\t\t\t\t\t\t\t\t<p>Ti seguiamo durante <br>tutto il processo<\/p>\t\t\t\t\t\t\t\t<\/div>\n\t\t\t\t<\/div>\n\t\t<div class=\"elementor-element elementor-element-8ec11a9 e-con-full e-flex e-con e-child\" data-id=\"8ec11a9\" data-element_type=\"container\" data-e-type=\"container\">\n\t\t\t\t<div class=\"elementor-element elementor-element-3a4d4de elementor-widget elementor-widget-image\" data-id=\"3a4d4de\" data-element_type=\"widget\" data-e-type=\"widget\" data-widget_type=\"image.default\">\n\t\t\t\t\t\t\t\t\t\t\t\t\t\t\t<img decoding=\"async\" src=\"https:\/\/skreddersyddereiser.no\/wp-content\/uploads\/2026\/03\/reise-ikon3.svg\" title=\"icona-viaggio3\" alt=\"icona-viaggio3\" loading=\"lazy\" \/>\t\t\t\t\t\t\t\t\t\t\t\t\t\t\t<\/div>\n\t\t\t\t<div class=\"elementor-element elementor-element-6a6fa27 elementor-widget elementor-widget-heading\" data-id=\"6a6fa27\" data-element_type=\"widget\" data-e-type=\"widget\" data-widget_type=\"heading.default\">\n\t\t\t\t\t<h3 class=\"elementor-heading-title elementor-size-default\">Assistenza continua<\/h3>\t\t\t\t<\/div>\n\t\t\t\t<div class=\"elementor-element elementor-element-a1deeaa elementor-widget elementor-widget-text-editor\" data-id=\"a1deeaa\" data-element_type=\"widget\" data-e-type=\"widget\" data-widget_type=\"text-editor.default\">\n\t\t\t\t\t\t\t\t\t<p>Hai sempre qualcuno da <br>contattare durante il viaggio.<\/p>\t\t\t\t\t\t\t\t<\/div>\n\t\t\t\t<\/div>\n\t\t\t\t<\/div>\n\t\t\t\t\t<\/div>\n\t\t\t\t<\/div>\n\t\t<div class=\"elementor-element elementor-element-c421597 e-flex e-con-boxed e-con e-parent\" data-id=\"c421597\" data-element_type=\"container\" data-e-type=\"container\" data-settings=\"{&quot;background_background&quot;:&quot;classic&quot;}\">\n\t\t\t\t\t<div class=\"e-con-inner\">\n\t\t\t\t<div class=\"elementor-element elementor-element-64223b4 elementor-widget elementor-widget-heading\" data-id=\"64223b4\" data-element_type=\"widget\" data-e-type=\"widget\" data-widget_type=\"heading.default\">\n\t\t\t\t\t<h5 class=\"elementor-heading-title elementor-size-default\"><a href=\"https:\/\/www.instagram.com\/skreddersyddereiser\/\" target=\"_blank\" rel=\"nofollow\">Prenota la tua vacanza<\/a><\/h5>\t\t\t\t<\/div>\n\t\t\t\t<div class=\"elementor-element elementor-element-a4ccd9f elementor-widget elementor-widget-heading\" data-id=\"a4ccd9f\" data-element_type=\"widget\" data-e-type=\"widget\" data-widget_type=\"heading.default\">\n\t\t\t\t\t<h2 class=\"elementor-heading-title elementor-size-default\">Come funziona<\/h2>\t\t\t\t<\/div>\n\t\t\t\t<div class=\"elementor-element elementor-element-e5ab673 elementor-widget elementor-widget-text-editor\" data-id=\"e5ab673\" data-element_type=\"widget\" data-e-type=\"widget\" data-widget_type=\"text-editor.default\">\n\t\t\t\t\t\t\t\t\t<p>La pianificazione del viaggio avviene in pi\u00f9 fasi per garantire che tutto sia adattato ai tuoi desideri. <br class=\"wixui-rich-text__text\"><strong><span class=\"color_36 wixui-rich-text__text\"><span class=\"wixui-rich-text__text\">Vacanza pronta all&#8217;uso da 3.900 kr IVA inclusa.<\/span><\/span><\/strong><\/p>\t\t\t\t\t\t\t\t<\/div>\n\t\t<div class=\"elementor-element elementor-element-72034f1 e-grid e-con-full e-con e-child\" data-id=\"72034f1\" data-element_type=\"container\" data-e-type=\"container\">\n\t\t<div class=\"elementor-element elementor-element-d6b8da9 e-con-full e-flex elementor-invisible e-con e-child\" data-id=\"d6b8da9\" data-element_type=\"container\" data-e-type=\"container\" data-settings=\"{&quot;animation&quot;:&quot;fadeInUp&quot;}\">\n\t\t\t\t<div class=\"elementor-element elementor-element-267b007 elementor-widget elementor-widget-heading\" data-id=\"267b007\" data-element_type=\"widget\" data-e-type=\"widget\" data-widget_type=\"heading.default\">\n\t\t\t\t\t<h2 class=\"elementor-heading-title elementor-size-default\">1<\/h2>\t\t\t\t<\/div>\n\t\t\t\t<div class=\"elementor-element elementor-element-0f7a7d8 elementor-widget elementor-widget-heading\" data-id=\"0f7a7d8\" data-element_type=\"widget\" data-e-type=\"widget\" data-widget_type=\"heading.default\">\n\t\t\t\t\t<h3 class=\"elementor-heading-title elementor-size-default\">Ci conosciamo<\/h3>\t\t\t\t<\/div>\n\t\t\t\t<div class=\"elementor-element elementor-element-c3b165c elementor-widget elementor-widget-text-editor\" data-id=\"c3b165c\" data-element_type=\"widget\" data-e-type=\"widget\" data-widget_type=\"text-editor.default\">\n\t\t\t\t\t\t\t\t\t<p role=\"presentation\">Incontro digitale dove parliamo di desideri, esigenze e budget<\/p>\t\t\t\t\t\t\t\t<\/div>\n\t\t\t\t<\/div>\n\t\t\t\t<div class=\"elementor-element elementor-element-abf5e5e elementor-hidden-tablet elementor-hidden-mobile elementor-invisible elementor-widget elementor-widget-image\" data-id=\"abf5e5e\" data-element_type=\"widget\" data-e-type=\"widget\" data-settings=\"{&quot;_animation&quot;:&quot;fadeInLeft&quot;,&quot;_animation_delay&quot;:200}\" data-widget_type=\"image.default\">\n\t\t\t\t\t\t\t\t\t\t\t\t\t\t\t<img fetchpriority=\"high\" decoding=\"async\" width=\"388\" height=\"261\" src=\"https:\/\/skreddersyddereiser.no\/wp-content\/uploads\/2026\/03\/pil.png\" class=\"attachment-large size-large wp-image-352\" alt=\"\" srcset=\"https:\/\/skreddersyddereiser.no\/wp-content\/uploads\/2026\/03\/pil.png 388w, https:\/\/skreddersyddereiser.no\/wp-content\/uploads\/2026\/03\/pil-300x202.png 300w\" sizes=\"(max-width: 388px) 100vw, 388px\" \/>\t\t\t\t\t\t\t\t\t\t\t\t\t\t\t<\/div>\n\t\t<div class=\"elementor-element elementor-element-5f6516d e-con-full e-flex elementor-invisible e-con e-child\" data-id=\"5f6516d\" data-element_type=\"container\" data-e-type=\"container\" data-settings=\"{&quot;animation&quot;:&quot;fadeInUp&quot;,&quot;animation_delay&quot;:300}\">\n\t\t\t\t<div class=\"elementor-element elementor-element-c8b60fd elementor-widget elementor-widget-heading\" data-id=\"c8b60fd\" data-element_type=\"widget\" data-e-type=\"widget\" data-widget_type=\"heading.default\">\n\t\t\t\t\t<h2 class=\"elementor-heading-title elementor-size-default\">2<\/h2>\t\t\t\t<\/div>\n\t\t\t\t<div class=\"elementor-element elementor-element-37123f5 elementor-widget elementor-widget-heading\" data-id=\"37123f5\" data-element_type=\"widget\" data-e-type=\"widget\" data-widget_type=\"heading.default\">\n\t\t\t\t\t<h3 class=\"elementor-heading-title elementor-size-default\">Ricevi una proposta<\/h3>\t\t\t\t<\/div>\n\t\t\t\t<div class=\"elementor-element elementor-element-2fcdba7 elementor-widget elementor-widget-text-editor\" data-id=\"2fcdba7\" data-element_type=\"widget\" data-e-type=\"widget\" data-widget_type=\"text-editor.default\">\n\t\t\t\t\t\t\t\t\t<p role=\"presentation\">Elaborazione di proposte e consulenza sulle varie opzioni<\/p>\t\t\t\t\t\t\t\t<\/div>\n\t\t\t\t<\/div>\n\t\t\t\t<div class=\"elementor-element elementor-element-cd36269 elementor-hidden-tablet elementor-hidden-mobile elementor-invisible elementor-widget elementor-widget-image\" data-id=\"cd36269\" data-element_type=\"widget\" data-e-type=\"widget\" data-settings=\"{&quot;_animation&quot;:&quot;fadeInLeft&quot;,&quot;_animation_delay&quot;:400}\" data-widget_type=\"image.default\">\n\t\t\t\t\t\t\t\t\t\t\t\t\t\t\t<img fetchpriority=\"high\" decoding=\"async\" width=\"388\" height=\"261\" src=\"https:\/\/skreddersyddereiser.no\/wp-content\/uploads\/2026\/03\/pil.png\" class=\"attachment-large size-large wp-image-352\" alt=\"\" srcset=\"https:\/\/skreddersyddereiser.no\/wp-content\/uploads\/2026\/03\/pil.png 388w, https:\/\/skreddersyddereiser.no\/wp-content\/uploads\/2026\/03\/pil-300x202.png 300w\" sizes=\"(max-width: 388px) 100vw, 388px\" \/>\t\t\t\t\t\t\t\t\t\t\t\t\t\t\t<\/div>\n\t\t<div class=\"elementor-element elementor-element-f5b172a e-con-full e-flex elementor-invisible e-con e-child\" data-id=\"f5b172a\" data-element_type=\"container\" data-e-type=\"container\" data-settings=\"{&quot;animation&quot;:&quot;fadeInUp&quot;,&quot;animation_delay&quot;:400}\">\n\t\t\t\t<div class=\"elementor-element elementor-element-7544c1b elementor-widget elementor-widget-heading\" data-id=\"7544c1b\" data-element_type=\"widget\" data-e-type=\"widget\" data-widget_type=\"heading.default\">\n\t\t\t\t\t<h2 class=\"elementor-heading-title elementor-size-default\">3<\/h2>\t\t\t\t<\/div>\n\t\t\t\t<div class=\"elementor-element elementor-element-0341d2f elementor-widget elementor-widget-heading\" data-id=\"0341d2f\" data-element_type=\"widget\" data-e-type=\"widget\" data-widget_type=\"heading.default\">\n\t\t\t\t\t<h3 class=\"elementor-heading-title elementor-size-default\">Personalizziamo il viaggio<\/h3>\t\t\t\t<\/div>\n\t\t\t\t<div class=\"elementor-element elementor-element-0ee8bb0 elementor-widget elementor-widget-text-editor\" data-id=\"0ee8bb0\" data-element_type=\"widget\" data-e-type=\"widget\" data-widget_type=\"text-editor.default\">\n\t\t\t\t\t\t\t\t\t<p role=\"presentation\">Modifica del viaggio finch\u00e9 non \u00e8 perfetto per te<\/p>\t\t\t\t\t\t\t\t<\/div>\n\t\t\t\t<\/div>\n\t\t\t\t<div class=\"elementor-element elementor-element-ff164de elementor-hidden-tablet elementor-hidden-mobile elementor-invisible elementor-widget elementor-widget-image\" data-id=\"ff164de\" data-element_type=\"widget\" data-e-type=\"widget\" data-settings=\"{&quot;_animation&quot;:&quot;fadeInLeft&quot;,&quot;_animation_delay&quot;:600}\" data-widget_type=\"image.default\">\n\t\t\t\t\t\t\t\t\t\t\t\t\t\t\t<img fetchpriority=\"high\" decoding=\"async\" width=\"388\" height=\"261\" src=\"https:\/\/skreddersyddereiser.no\/wp-content\/uploads\/2026\/03\/pil.png\" class=\"attachment-large size-large wp-image-352\" alt=\"\" srcset=\"https:\/\/skreddersyddereiser.no\/wp-content\/uploads\/2026\/03\/pil.png 388w, https:\/\/skreddersyddereiser.no\/wp-content\/uploads\/2026\/03\/pil-300x202.png 300w\" sizes=\"(max-width: 388px) 100vw, 388px\" \/>\t\t\t\t\t\t\t\t\t\t\t\t\t\t\t<\/div>\n\t\t<div class=\"elementor-element elementor-element-35dc936 e-con-full e-flex elementor-invisible e-con e-child\" data-id=\"35dc936\" data-element_type=\"container\" data-e-type=\"container\" data-settings=\"{&quot;animation&quot;:&quot;fadeInUp&quot;,&quot;animation_delay&quot;:700}\">\n\t\t\t\t<div class=\"elementor-element elementor-element-b3f010f elementor-widget elementor-widget-heading\" data-id=\"b3f010f\" data-element_type=\"widget\" data-e-type=\"widget\" data-widget_type=\"heading.default\">\n\t\t\t\t\t<h2 class=\"elementor-heading-title elementor-size-default\">4<\/h2>\t\t\t\t<\/div>\n\t\t\t\t<div class=\"elementor-element elementor-element-a574404 elementor-widget elementor-widget-heading\" data-id=\"a574404\" data-element_type=\"widget\" data-e-type=\"widget\" data-widget_type=\"heading.default\">\n\t\t\t\t\t<h3 class=\"elementor-heading-title elementor-size-default\">Viaggi in sicurezza<\/h3>\t\t\t\t<\/div>\n\t\t\t\t<div class=\"elementor-element elementor-element-8a5276e elementor-widget elementor-widget-text-editor\" data-id=\"8a5276e\" data-element_type=\"widget\" data-e-type=\"widget\" data-widget_type=\"text-editor.default\">\n\t\t\t\t\t\t\t\t\t<p role=\"presentation\">Assistenza durante il viaggio in caso di necessit\u00e0<\/p>\t\t\t\t\t\t\t\t<\/div>\n\t\t\t\t<\/div>\n\t\t\t\t<\/div>\n\t\t\t\t\t<\/div>\n\t\t\t\t<\/div>\n\t\t\t\t<\/div>\n\t\t","protected":false},"excerpt":{"rendered":"<p>https:\/\/skreddersyddereiser.no\/wp-content\/uploads\/2026\/03\/0320-4-hci48ocq_bkDmNNXz.mp4 I nostri servizi Skreddersyddereiser ti aiuta a pianificare viaggi personalizzati, adattati ai tuoi desideri, esigenze e budget. Riceverai consulenza, proposte concrete e un viaggio ben studiato, senza dover dedicare tempo a ricerche approfondite. Tutte le destinazioni e gli hotel sono accuratamente selezionati, con un focus su luoghi unici e esperienze indimenticabili. Attraverso il dialogo, [&hellip;]<\/p>\n","protected":false},"author":1,"featured_media":0,"parent":0,"menu_order":0,"comment_status":"closed","ping_status":"closed","template":"","meta":{"_acf_changed":false,"inline_featured_image":false,"footnotes":""},"class_list":["post-506","page","type-page","status-publish","hentry"],"acf":[],"_links":{"self":[{"href":"https:\/\/skreddersyddereiser.no\/it\/wp-json\/wp\/v2\/pages\/506","targetHints":{"allow":["GET"]}}],"collection":[{"href":"https:\/\/skreddersyddereiser.no\/it\/wp-json\/wp\/v2\/pages"}],"about":[{"href":"https:\/\/skreddersyddereiser.no\/it\/wp-json\/wp\/v2\/types\/page"}],"author":[{"embeddable":true,"href":"https:\/\/skreddersyddereiser.no\/it\/wp-json\/wp\/v2\/users\/1"}],"replies":[{"embeddable":true,"href":"https:\/\/skreddersyddereiser.no\/it\/wp-json\/wp\/v2\/comments?post=506"}],"version-history":[{"count":1,"href":"https:\/\/skreddersyddereiser.no\/it\/wp-json\/wp\/v2\/pages\/506\/revisions"}],"predecessor-version":[{"id":507,"href":"https:\/\/skreddersyddereiser.no\/it\/wp-json\/wp\/v2\/pages\/506\/revisions\/507"}],"wp:attachment":[{"href":"https:\/\/skreddersyddereiser.no\/it\/wp-json\/wp\/v2\/media?parent=506"}],"curies":[{"name":"wp","href":"https:\/\/api.w.org\/{rel}","templated":true}]}}